{"id":675,"date":"2022-04-11T10:43:55","date_gmt":"2022-04-11T08:43:55","guid":{"rendered":"https:\/\/barbarska.pl\/?page_id=675"},"modified":"2022-12-04T18:48:50","modified_gmt":"2022-12-04T17:48:50","slug":"konsultacje-2","status":"publish","type":"page","link":"https:\/\/barbarska.pl\/index.php\/konsultacje-2\/","title":{"rendered":"KONSULTACJE"},"content":{"rendered":"\n<div class=\"wp-block-media-text alignwide has-media-on-the-right is-stacked-on-mobile\" style=\"grid-template-columns:auto 35%\"><figure class=\"wp-block-media-text__media\"><img loading=\"lazy\" width=\"1024\" height=\"1024\" src=\"https:\/\/barbarska.pl\/wp-content\/uploads\/2021\/10\/Projekt-bez-tytulu-72-1-1024x1024.png\" alt=\"\" class=\"wp-image-514 size-full\" srcset=\"https:\/\/barbarska.pl\/wp-content\/uploads\/2021\/10\/Projekt-bez-tytulu-72-1-1024x1024.png 1024w, https:\/\/barbarska.pl\/wp-content\/uploads\/2021\/10\/Projekt-bez-tytulu-72-1-100x100.png 100w, https:\/\/barbarska.pl\/wp-content\/uploads\/2021\/10\/Projekt-bez-tytulu-72-1-416x416.png 416w, https:\/\/barbarska.pl\/wp-content\/uploads\/2021\/10\/Projekt-bez-tytulu-72-1-300x300.png 300w, https:\/\/barbarska.pl\/wp-content\/uploads\/2021\/10\/Projekt-bez-tytulu-72-1-150x150.png 150w, https:\/\/barbarska.pl\/wp-content\/uploads\/2021\/10\/Projekt-bez-tytulu-72-1-768x768.png 768w, https:\/\/barbarska.pl\/wp-content\/uploads\/2021\/10\/Projekt-bez-tytulu-72-1.png 1080w\" sizes=\"(max-width: 1024px) 100vw, 1024px\" \/><\/figure><div class=\"wp-block-media-text__content\">\n<p><\/p>\n\n\n\n<p style=\"font-size:24px\">Na konsultacjach mo\u017cemy spotka\u0107 si\u0119 w:<\/p>\n\n\n\n<p class=\"has-medium-font-size\"><a href=\"https:\/\/multi-medica.pl\/lekarze-specjalisci\/dietetyk\/?fbclid=IwAR35c9oV-Hej2ovqoeEPmlxbIX-SFgE0bROp3bqcOUjQ6pazd9Q8LqUJw6k\">Centrum Multi-Medica Sp. z o.o.<\/a><\/p>\n\n\n\n<p>ul. J\u00f3zefa Poniatowskiego 97, Zielonka<\/p>\n\n\n\n<p><\/p>\n\n\n\n<p style=\"font-size:24px\">Wyk\u0142ady i warsztaty eksperckie:<\/p>\n\n\n\n<p class=\"has-normal-font-size\"><strong>tel. 727 709 443<\/strong><\/p>\n\n\n\n<p class=\"has-normal-font-size\"><strong>olga@barbarska.pl<\/strong><\/p>\n<\/div><\/div>\n","protected":false},"excerpt":{"rendered":"<p>Na konsultacjach mo\u017cemy spotka\u0107 si\u0119 w: Centrum Multi-Medica Sp. z o.o. ul. J\u00f3zefa Poniatowskiego 97, Zielonka Wyk\u0142ady i warsztaty eksperckie: tel. 727 709 443 olga@barbarska.pl<\/p>\n","protected":false},"author":1,"featured_media":0,"parent":0,"menu_order":0,"comment_status":"closed","ping_status":"closed","template":"","meta":[],"yoast_head":"<!-- This site is optimized with the Yoast SEO plugin v19.4 - https:\/\/yoast.com\/wordpress\/plugins\/seo\/ -->\n<title>KONSULTACJE - DIETETYK Dr Olga Barbarska<\/title>\n<meta name=\"description\" content=\"Na termin konsultacji mo\u017cesz um\u00f3wi\u0107 si\u0119 telefonicznie lub mailowo. tel. 727 709 443. olga@barbarska.pl. Gabinet w centrum Warszawy lub wsp\u00f3\u0142praca online.\" \/>\n<meta name=\"robots\" content=\"index, follow, max-snippet:-1, max-image-preview:large, max-video-preview:-1\" \/>\n<link rel=\"canonical\" href=\"https:\/\/barbarska.pl\/index.php\/konsultacje-2\/\" \/>\n<meta property=\"og:locale\" content=\"pl_PL\" \/>\n<meta property=\"og:type\" content=\"article\" \/>\n<meta property=\"og:title\" content=\"KONSULTACJE - DIETETYK Dr Olga Barbarska\" \/>\n<meta property=\"og:description\" content=\"Na termin konsultacji mo\u017cesz um\u00f3wi\u0107 si\u0119 telefonicznie lub mailowo. tel. 727 709 443. olga@barbarska.pl. Gabinet w centrum Warszawy lub wsp\u00f3\u0142praca online.\" \/>\n<meta property=\"og:url\" content=\"https:\/\/barbarska.pl\/index.php\/konsultacje-2\/\" \/>\n<meta property=\"og:site_name\" content=\"DIETETYK Dr Olga Barbarska\" \/>\n<meta property=\"article:publisher\" content=\"https:\/\/www.facebook.com\/olgabarbarskadietetyk\" \/>\n<meta property=\"article:modified_time\" content=\"2022-12-04T17:48:50+00:00\" \/>\n<meta property=\"og:image\" content=\"https:\/\/barbarska.pl\/wp-content\/uploads\/2021\/10\/Projekt-bez-tytulu-72-1-1024x1024.png\" \/>\n<meta name=\"twitter:card\" content=\"summary_large_image\" \/>\n<meta name=\"twitter:label1\" content=\"Szacowany czas czytania\" \/>\n\t<meta name=\"twitter:data1\" content=\"1 minuta\" \/>\n<script type=\"application\/ld+json\" class=\"yoast-schema-graph\">{\"@context\":\"https:\/\/schema.org\",\"@graph\":[{\"@type\":\"WebSite\",\"@id\":\"https:\/\/barbarska.pl\/#website\",\"url\":\"https:\/\/barbarska.pl\/\",\"name\":\"DIETETYK Dr Olga Barbarska\",\"description\":\"Warsztaty, szkolenia i materia\u0142y edukacyjne\",\"potentialAction\":[{\"@type\":\"SearchAction\",\"target\":{\"@type\":\"EntryPoint\",\"urlTemplate\":\"https:\/\/barbarska.pl\/?s={search_term_string}\"},\"query-input\":\"required name=search_term_string\"}],\"inLanguage\":\"pl-PL\"},{\"@type\":\"WebPage\",\"@id\":\"https:\/\/barbarska.pl\/index.php\/konsultacje-2\/\",\"url\":\"https:\/\/barbarska.pl\/index.php\/konsultacje-2\/\",\"name\":\"KONSULTACJE - DIETETYK Dr Olga Barbarska\",\"isPartOf\":{\"@id\":\"https:\/\/barbarska.pl\/#website\"},\"datePublished\":\"2022-04-11T08:43:55+00:00\",\"dateModified\":\"2022-12-04T17:48:50+00:00\",\"description\":\"Na termin konsultacji mo\u017cesz um\u00f3wi\u0107 si\u0119 telefonicznie lub mailowo. tel. 727 709 443. olga@barbarska.pl. Gabinet w centrum Warszawy lub wsp\u00f3\u0142praca online.\",\"breadcrumb\":{\"@id\":\"https:\/\/barbarska.pl\/index.php\/konsultacje-2\/#breadcrumb\"},\"inLanguage\":\"pl-PL\",\"potentialAction\":[{\"@type\":\"ReadAction\",\"target\":[\"https:\/\/barbarska.pl\/index.php\/konsultacje-2\/\"]}]},{\"@type\":\"BreadcrumbList\",\"@id\":\"https:\/\/barbarska.pl\/index.php\/konsultacje-2\/#breadcrumb\",\"itemListElement\":[{\"@type\":\"ListItem\",\"position\":1,\"name\":\"Strona g\u0142\u00f3wna\",\"item\":\"https:\/\/barbarska.pl\/\"},{\"@type\":\"ListItem\",\"position\":2,\"name\":\"KONSULTACJE\"}]}]}<\/script>\n<!-- \/ Yoast SEO plugin. -->","yoast_head_json":{"title":"KONSULTACJE - DIETETYK Dr Olga Barbarska","description":"Na termin konsultacji mo\u017cesz um\u00f3wi\u0107 si\u0119 telefonicznie lub mailowo. tel. 727 709 443. olga@barbarska.pl. Gabinet w centrum Warszawy lub wsp\u00f3\u0142praca online.","robots":{"index":"index","follow":"follow","max-snippet":"max-snippet:-1","max-image-preview":"max-image-preview:large","max-video-preview":"max-video-preview:-1"},"canonical":"https:\/\/barbarska.pl\/index.php\/konsultacje-2\/","og_locale":"pl_PL","og_type":"article","og_title":"KONSULTACJE - DIETETYK Dr Olga Barbarska","og_description":"Na termin konsultacji mo\u017cesz um\u00f3wi\u0107 si\u0119 telefonicznie lub mailowo. tel. 727 709 443. olga@barbarska.pl. Gabinet w centrum Warszawy lub wsp\u00f3\u0142praca online.","og_url":"https:\/\/barbarska.pl\/index.php\/konsultacje-2\/","og_site_name":"DIETETYK Dr Olga Barbarska","article_publisher":"https:\/\/www.facebook.com\/olgabarbarskadietetyk","article_modified_time":"2022-12-04T17:48:50+00:00","og_image":[{"url":"https:\/\/barbarska.pl\/wp-content\/uploads\/2021\/10\/Projekt-bez-tytulu-72-1-1024x1024.png"}],"twitter_card":"summary_large_image","twitter_misc":{"Szacowany czas czytania":"1 minuta"},"schema":{"@context":"https:\/\/schema.org","@graph":[{"@type":"WebSite","@id":"https:\/\/barbarska.pl\/#website","url":"https:\/\/barbarska.pl\/","name":"DIETETYK Dr Olga Barbarska","description":"Warsztaty, szkolenia i materia\u0142y edukacyjne","potentialAction":[{"@type":"SearchAction","target":{"@type":"EntryPoint","urlTemplate":"https:\/\/barbarska.pl\/?s={search_term_string}"},"query-input":"required name=search_term_string"}],"inLanguage":"pl-PL"},{"@type":"WebPage","@id":"https:\/\/barbarska.pl\/index.php\/konsultacje-2\/","url":"https:\/\/barbarska.pl\/index.php\/konsultacje-2\/","name":"KONSULTACJE - DIETETYK Dr Olga Barbarska","isPartOf":{"@id":"https:\/\/barbarska.pl\/#website"},"datePublished":"2022-04-11T08:43:55+00:00","dateModified":"2022-12-04T17:48:50+00:00","description":"Na termin konsultacji mo\u017cesz um\u00f3wi\u0107 si\u0119 telefonicznie lub mailowo. tel. 727 709 443. olga@barbarska.pl. Gabinet w centrum Warszawy lub wsp\u00f3\u0142praca online.","breadcrumb":{"@id":"https:\/\/barbarska.pl\/index.php\/konsultacje-2\/#breadcrumb"},"inLanguage":"pl-PL","potentialAction":[{"@type":"ReadAction","target":["https:\/\/barbarska.pl\/index.php\/konsultacje-2\/"]}]},{"@type":"BreadcrumbList","@id":"https:\/\/barbarska.pl\/index.php\/konsultacje-2\/#breadcrumb","itemListElement":[{"@type":"ListItem","position":1,"name":"Strona g\u0142\u00f3wna","item":"https:\/\/barbarska.pl\/"},{"@type":"ListItem","position":2,"name":"KONSULTACJE"}]}]}},"_links":{"self":[{"href":"https:\/\/barbarska.pl\/index.php\/wp-json\/wp\/v2\/pages\/675"}],"collection":[{"href":"https:\/\/barbarska.pl\/index.php\/wp-json\/wp\/v2\/pages"}],"about":[{"href":"https:\/\/barbarska.pl\/index.php\/wp-json\/wp\/v2\/types\/page"}],"author":[{"embeddable":true,"href":"https:\/\/barbarska.pl\/index.php\/wp-json\/wp\/v2\/users\/1"}],"replies":[{"embeddable":true,"href":"https:\/\/barbarska.pl\/index.php\/wp-json\/wp\/v2\/comments?post=675"}],"version-history":[{"count":3,"href":"https:\/\/barbarska.pl\/index.php\/wp-json\/wp\/v2\/pages\/675\/revisions"}],"predecessor-version":[{"id":712,"href":"https:\/\/barbarska.pl\/index.php\/wp-json\/wp\/v2\/pages\/675\/revisions\/712"}],"wp:attachment":[{"href":"https:\/\/barbarska.pl\/index.php\/wp-json\/wp\/v2\/media?parent=675"}],"curies":[{"name":"wp","href":"https:\/\/api.w.org\/{rel}","templated":true}]}}