{"id":597,"date":"2022-01-12T16:20:44","date_gmt":"2022-01-12T15:20:44","guid":{"rendered":"https:\/\/barbarska.pl\/?page_id=597"},"modified":"2022-12-04T19:14:23","modified_gmt":"2022-12-04T18:14:23","slug":"o-mnie","status":"publish","type":"page","link":"https:\/\/barbarska.pl\/","title":{"rendered":""},"content":{"rendered":"\n<figure class=\"wp-block-image alignfull size-full\"><img loading=\"lazy\" width=\"1000\" height=\"300\" src=\"https:\/\/barbarska.pl\/wp-content\/uploads\/2022\/01\/strona-glowna.jpg\" alt=\"\" class=\"wp-image-601\" srcset=\"https:\/\/barbarska.pl\/wp-content\/uploads\/2022\/01\/strona-glowna.jpg 1000w, https:\/\/barbarska.pl\/wp-content\/uploads\/2022\/01\/strona-glowna-300x90.jpg 300w, https:\/\/barbarska.pl\/wp-content\/uploads\/2022\/01\/strona-glowna-768x230.jpg 768w, https:\/\/barbarska.pl\/wp-content\/uploads\/2022\/01\/strona-glowna-416x125.jpg 416w\" sizes=\"(max-width: 1000px) 100vw, 1000px\" \/><\/figure>\n\n\n\n<p><\/p>\n\n\n\n<div class=\"wp-block-media-text alignwide has-media-on-the-right is-stacked-on-mobile is-vertically-aligned-center\" style=\"grid-template-columns:auto 23%\"><figure class=\"wp-block-media-text__media\"><img loading=\"lazy\" width=\"1024\" height=\"1024\" src=\"http:\/\/barbarska.pl\/wp-content\/uploads\/2020\/08\/118007112_768809050589289_535873810029942533_n-1024x1024.jpg\" alt=\"Warsztaty kulinarne z dietetykiem\" class=\"wp-image-178 size-full\" srcset=\"https:\/\/barbarska.pl\/wp-content\/uploads\/2020\/08\/118007112_768809050589289_535873810029942533_n-1024x1024.jpg 1024w, https:\/\/barbarska.pl\/wp-content\/uploads\/2020\/08\/118007112_768809050589289_535873810029942533_n-100x100.jpg 100w, https:\/\/barbarska.pl\/wp-content\/uploads\/2020\/08\/118007112_768809050589289_535873810029942533_n-416x416.jpg 416w, https:\/\/barbarska.pl\/wp-content\/uploads\/2020\/08\/118007112_768809050589289_535873810029942533_n-300x300.jpg 300w, https:\/\/barbarska.pl\/wp-content\/uploads\/2020\/08\/118007112_768809050589289_535873810029942533_n-150x150.jpg 150w, https:\/\/barbarska.pl\/wp-content\/uploads\/2020\/08\/118007112_768809050589289_535873810029942533_n-768x768.jpg 768w, https:\/\/barbarska.pl\/wp-content\/uploads\/2020\/08\/118007112_768809050589289_535873810029942533_n-1536x1536.jpg 1536w, https:\/\/barbarska.pl\/wp-content\/uploads\/2020\/08\/118007112_768809050589289_535873810029942533_n.jpg 1564w\" sizes=\"(max-width: 1024px) 100vw, 1024px\" \/><\/figure><div class=\"wp-block-media-text__content\">\n<p class=\"has-medium-font-size\">Jestem pasjonatk\u0105 dobrego jedzenia i dyplomowanym dietetykiem. Prowadz\u0119 konsultacje, realizuj\u0119 warsztaty edukacyjne i kulinarno-\u017cywieniowe. Ucz\u0119 racjonalnego \u017cywienia i pomagam zapanowa\u0107 nad chorobami dietozale\u017cnymi i cywilizacyjnymi. Wsp\u00f3\u0142pracuj\u0119 z pacjentami borykaj\u0105cymi si\u0119 mi\u0119dzy innymi z nadwag\u0105 i oty\u0142o\u015bci\u0105, cukrzyc\u0105, zaburzeniami lipidowymi, hashimoto, nadci\u015bnieniem t\u0119tniczym.<\/p>\n<\/div><\/div>\n\n\n\n<div class=\"wp-block-media-text alignwide is-stacked-on-mobile\" style=\"grid-template-columns:29% auto\"><figure class=\"wp-block-media-text__media\"><img loading=\"lazy\" width=\"1024\" height=\"576\" src=\"http:\/\/barbarska.pl\/wp-content\/uploads\/2020\/08\/pns-1024x576.png\" alt=\"Pytanie na \u015aniadanie\" class=\"wp-image-179 size-full\" srcset=\"https:\/\/barbarska.pl\/wp-content\/uploads\/2020\/08\/pns-1024x576.png 1024w, https:\/\/barbarska.pl\/wp-content\/uploads\/2020\/08\/pns-416x234.png 416w, https:\/\/barbarska.pl\/wp-content\/uploads\/2020\/08\/pns-300x169.png 300w, https:\/\/barbarska.pl\/wp-content\/uploads\/2020\/08\/pns-768x432.png 768w, https:\/\/barbarska.pl\/wp-content\/uploads\/2020\/08\/pns-1536x864.png 1536w, https:\/\/barbarska.pl\/wp-content\/uploads\/2020\/08\/pns.png 1920w\" sizes=\"(max-width: 1024px) 100vw, 1024px\" \/><\/figure><div class=\"wp-block-media-text__content\">\n<p class=\"has-medium-font-size\">W ci\u0105gu ostatnich lat \u0142\u0105czy\u0142am poradnictwo dietetyczne z <a href=\"https:\/\/pubmed.ncbi.nlm.nih.gov\/?term=barbarska\">prac\u0105 naukow\u0105<\/a>, uzyskuj\u0105c w ten spos\u00f3b tytu\u0142 doktora nauk o zdrowiu. Prowadzone przeze mnie badania by\u0142y \u015bci\u015ble zwi\u0105zane z rozwojem sieci <a href=\"http:\/\/bankmleka.pl\/\">bank\u00f3w mleka<\/a> w Polsce, a tak\u017ce opiek\u0105 nad kobiet\u0105 i noworodkiem. Aktualnie kontynuuj\u0119 prac\u0119 naukowo &#8211; dydaktyczn\u0105 jako adiunkt w Akademii Ekonomiczno-Humanistycznej w Warszawie.<\/p>\n<\/div><\/div>\n\n\n\n<div class=\"wp-block-media-text alignwide has-media-on-the-right is-stacked-on-mobile\" style=\"grid-template-columns:auto 23%\"><figure class=\"wp-block-media-text__media\"><img loading=\"lazy\" width=\"1024\" height=\"768\" src=\"http:\/\/barbarska.pl\/wp-content\/uploads\/2020\/08\/IMG_5345-1024x768.jpg\" alt=\"Dietetyk kliniczny\" class=\"wp-image-188 size-full\" srcset=\"https:\/\/barbarska.pl\/wp-content\/uploads\/2020\/08\/IMG_5345-1024x768.jpg 1024w, https:\/\/barbarska.pl\/wp-content\/uploads\/2020\/08\/IMG_5345-scaled-416x312.jpg 416w, https:\/\/barbarska.pl\/wp-content\/uploads\/2020\/08\/IMG_5345-300x225.jpg 300w, https:\/\/barbarska.pl\/wp-content\/uploads\/2020\/08\/IMG_5345-768x576.jpg 768w, https:\/\/barbarska.pl\/wp-content\/uploads\/2020\/08\/IMG_5345-1536x1152.jpg 1536w, https:\/\/barbarska.pl\/wp-content\/uploads\/2020\/08\/IMG_5345-2048x1536.jpg 2048w\" sizes=\"(max-width: 1024px) 100vw, 1024px\" \/><\/figure><div class=\"wp-block-media-text__content\">\n<p class=\"has-medium-font-size\">Od wielu lat anga\u017cuje si\u0119 r\u00f3wnie\u017c w inicjatywy i projekty spo\u0142eczne, zar\u00f3wno te o charakterze prozdrowotnym jak r\u00f3wnie\u017c projekty kulturalne. Obecnie wspieram dzia\u0142ania <a href=\"https:\/\/porcjakultury.pl\/\">Fundacji Zdrowa Porcja Kultury<\/a>. <\/p>\n<\/div><\/div>\n\n\n\n<div class=\"wp-block-media-text alignwide is-stacked-on-mobile\" style=\"grid-template-columns:23% auto\"><figure class=\"wp-block-media-text__media\"><a href=\"https:\/\/rotulo.pl\/produkt\/pobawmy-sie-jedzeniem-karty-pracy-dla-dzieci\/\"><img loading=\"lazy\" width=\"309\" height=\"437\" src=\"https:\/\/barbarska.pl\/wp-content\/uploads\/2022\/01\/PobawmySie_okladka_OK_wiek1_309x437px-1.jpg\" alt=\"\" class=\"wp-image-627 size-full\" srcset=\"https:\/\/barbarska.pl\/wp-content\/uploads\/2022\/01\/PobawmySie_okladka_OK_wiek1_309x437px-1.jpg 309w, https:\/\/barbarska.pl\/wp-content\/uploads\/2022\/01\/PobawmySie_okladka_OK_wiek1_309x437px-1-212x300.jpg 212w\" sizes=\"(max-width: 309px) 100vw, 309px\" \/><\/a><\/figure><div class=\"wp-block-media-text__content\">\n<p class=\"has-medium-font-size\">Moj\u0105 najwi\u0119ksz\u0105 pasj\u0105 jest jednak edukacja, oczywi\u015bcie przede wszystkim ta prozdrowotna i \u017cywieniowa. Na co dzie\u0144 pracuj\u0119 jako wyk\u0142adowca akademicki, ale uwielbiam przekazywa\u0107 wiedz\u0119 r\u00f3wnie\u017c tym najm\u0142odszym. Na moich zaj\u0119ciach wspieram si\u0119 autorskimi kartami pracy, z kt\u00f3rych Ty te\u017c mo\u017cesz skorzysta\u0107! Moje karty pracy znajdziesz w sklepie <a href=\"https:\/\/rotulo.pl\/\">ROTULO.PL<\/a><\/p>\n<\/div><\/div>\n\n\n\n<p><\/p>\n\n\n\n<p><\/p>\n\n\n\n<p class=\"has-text-align-center has-medium-font-size\">Je\u015bli masz dla mnie ciekaw\u0105 propozycj\u0119 wsp\u00f3\u0142pracy <\/p>\n\n\n\n<p class=\"has-text-align-center has-medium-font-size\">lub jeste\u015b zainteresowany moimi produktami <a href=\"http:\/\/barbarska.pl\/index.php\/kontakt\/\">zapraszam do kontaktu<\/a>!<\/p>\n","protected":false},"excerpt":{"rendered":"<p>Jestem pasjonatk\u0105 dobrego jedzenia i dyplomowanym dietetykiem. Prowadz\u0119 konsultacje, realizuj\u0119 warsztaty edukacyjne i kulinarno-\u017cywieniowe. Ucz\u0119 racjonalnego \u017cywienia i pomagam zapanowa\u0107 nad chorobami dietozale\u017cnymi i cywilizacyjnymi. Wsp\u00f3\u0142pracuj\u0119 z pacjentami borykaj\u0105cymi si\u0119 mi\u0119dzy innymi z nadwag\u0105 i oty\u0142o\u015bci\u0105, cukrzyc\u0105, zaburzeniami lipidowymi, hashimoto, nadci\u015bnieniem t\u0119tniczym. W ci\u0105gu ostatnich lat \u0142\u0105czy\u0142am poradnictwo dietetyczne z prac\u0105 naukow\u0105, uzyskuj\u0105c w ten [&hellip;]<\/p>\n","protected":false},"author":1,"featured_media":0,"parent":0,"menu_order":0,"comment_status":"closed","ping_status":"closed","template":"","meta":[],"yoast_head":"<!-- This site is optimized with the Yoast SEO plugin v19.4 - https:\/\/yoast.com\/wordpress\/plugins\/seo\/ -->\n<title>DIETETYK Dr Olga Barbarska<\/title>\n<meta name=\"description\" content=\"Jako dietetyk ucz\u0119 racjonalnego \u017cywienia i pomagam zapanowa\u0107 nad chorobami dietozale\u017cnymi: nadwaga, insulinooporno\u015b\u0107, wysoki cholesterol, Hashimoto i inne.\" \/>\n<meta name=\"robots\" content=\"index, follow, max-snippet:-1, max-image-preview:large, max-video-preview:-1\" \/>\n<link rel=\"canonical\" href=\"https:\/\/barbarska.pl\/\" \/>\n<meta property=\"og:locale\" content=\"pl_PL\" \/>\n<meta property=\"og:type\" content=\"article\" \/>\n<meta property=\"og:title\" content=\"DIETETYK Dr Olga Barbarska\" \/>\n<meta property=\"og:description\" content=\"Jako dietetyk ucz\u0119 racjonalnego \u017cywienia i pomagam zapanowa\u0107 nad chorobami dietozale\u017cnymi: nadwaga, insulinooporno\u015b\u0107, wysoki cholesterol, Hashimoto i inne.\" \/>\n<meta property=\"og:url\" content=\"https:\/\/barbarska.pl\/\" \/>\n<meta property=\"og:site_name\" content=\"DIETETYK Dr Olga Barbarska\" \/>\n<meta property=\"article:publisher\" content=\"https:\/\/www.facebook.com\/olgabarbarskadietetyk\" \/>\n<meta property=\"article:modified_time\" content=\"2022-12-04T18:14:23+00:00\" \/>\n<meta property=\"og:image\" content=\"https:\/\/barbarska.pl\/wp-content\/uploads\/2022\/01\/strona-glowna.jpg\" \/>\n<meta name=\"twitter:card\" content=\"summary_large_image\" \/>\n<meta name=\"twitter:label1\" content=\"Szacowany czas czytania\" \/>\n\t<meta name=\"twitter:data1\" content=\"3 minuty\" \/>\n<script type=\"application\/ld+json\" class=\"yoast-schema-graph\">{\"@context\":\"https:\/\/schema.org\",\"@graph\":[{\"@type\":\"WebSite\",\"@id\":\"https:\/\/barbarska.pl\/#website\",\"url\":\"https:\/\/barbarska.pl\/\",\"name\":\"DIETETYK Dr Olga Barbarska\",\"description\":\"Warsztaty, szkolenia i materia\u0142y edukacyjne\",\"potentialAction\":[{\"@type\":\"SearchAction\",\"target\":{\"@type\":\"EntryPoint\",\"urlTemplate\":\"https:\/\/barbarska.pl\/?s={search_term_string}\"},\"query-input\":\"required name=search_term_string\"}],\"inLanguage\":\"pl-PL\"},{\"@type\":\"WebPage\",\"@id\":\"https:\/\/barbarska.pl\/\",\"url\":\"https:\/\/barbarska.pl\/\",\"name\":\"DIETETYK Dr Olga Barbarska\",\"isPartOf\":{\"@id\":\"https:\/\/barbarska.pl\/#website\"},\"datePublished\":\"2022-01-12T15:20:44+00:00\",\"dateModified\":\"2022-12-04T18:14:23+00:00\",\"description\":\"Jako dietetyk ucz\u0119 racjonalnego \u017cywienia i pomagam zapanowa\u0107 nad chorobami dietozale\u017cnymi: nadwaga, insulinooporno\u015b\u0107, wysoki cholesterol, Hashimoto i inne.\",\"breadcrumb\":{\"@id\":\"https:\/\/barbarska.pl\/#breadcrumb\"},\"inLanguage\":\"pl-PL\",\"potentialAction\":[{\"@type\":\"ReadAction\",\"target\":[\"https:\/\/barbarska.pl\/\"]}]},{\"@type\":\"BreadcrumbList\",\"@id\":\"https:\/\/barbarska.pl\/#breadcrumb\",\"itemListElement\":[{\"@type\":\"ListItem\",\"position\":1,\"name\":\"Strona g\u0142\u00f3wna\",\"item\":\"https:\/\/barbarska.pl\/\"},{\"@type\":\"ListItem\",\"position\":2,\"name\":\"\"}]}]}<\/script>\n<!-- \/ Yoast SEO plugin. -->","yoast_head_json":{"title":"DIETETYK Dr Olga Barbarska","description":"Jako dietetyk ucz\u0119 racjonalnego \u017cywienia i pomagam zapanowa\u0107 nad chorobami dietozale\u017cnymi: nadwaga, insulinooporno\u015b\u0107, wysoki cholesterol, Hashimoto i inne.","robots":{"index":"index","follow":"follow","max-snippet":"max-snippet:-1","max-image-preview":"max-image-preview:large","max-video-preview":"max-video-preview:-1"},"canonical":"https:\/\/barbarska.pl\/","og_locale":"pl_PL","og_type":"article","og_title":"DIETETYK Dr Olga Barbarska","og_description":"Jako dietetyk ucz\u0119 racjonalnego \u017cywienia i pomagam zapanowa\u0107 nad chorobami dietozale\u017cnymi: nadwaga, insulinooporno\u015b\u0107, wysoki cholesterol, Hashimoto i inne.","og_url":"https:\/\/barbarska.pl\/","og_site_name":"DIETETYK Dr Olga Barbarska","article_publisher":"https:\/\/www.facebook.com\/olgabarbarskadietetyk","article_modified_time":"2022-12-04T18:14:23+00:00","og_image":[{"url":"https:\/\/barbarska.pl\/wp-content\/uploads\/2022\/01\/strona-glowna.jpg"}],"twitter_card":"summary_large_image","twitter_misc":{"Szacowany czas czytania":"3 minuty"},"schema":{"@context":"https:\/\/schema.org","@graph":[{"@type":"WebSite","@id":"https:\/\/barbarska.pl\/#website","url":"https:\/\/barbarska.pl\/","name":"DIETETYK Dr Olga Barbarska","description":"Warsztaty, szkolenia i materia\u0142y edukacyjne","potentialAction":[{"@type":"SearchAction","target":{"@type":"EntryPoint","urlTemplate":"https:\/\/barbarska.pl\/?s={search_term_string}"},"query-input":"required name=search_term_string"}],"inLanguage":"pl-PL"},{"@type":"WebPage","@id":"https:\/\/barbarska.pl\/","url":"https:\/\/barbarska.pl\/","name":"DIETETYK Dr Olga Barbarska","isPartOf":{"@id":"https:\/\/barbarska.pl\/#website"},"datePublished":"2022-01-12T15:20:44+00:00","dateModified":"2022-12-04T18:14:23+00:00","description":"Jako dietetyk ucz\u0119 racjonalnego \u017cywienia i pomagam zapanowa\u0107 nad chorobami dietozale\u017cnymi: nadwaga, insulinooporno\u015b\u0107, wysoki cholesterol, Hashimoto i inne.","breadcrumb":{"@id":"https:\/\/barbarska.pl\/#breadcrumb"},"inLanguage":"pl-PL","potentialAction":[{"@type":"ReadAction","target":["https:\/\/barbarska.pl\/"]}]},{"@type":"BreadcrumbList","@id":"https:\/\/barbarska.pl\/#breadcrumb","itemListElement":[{"@type":"ListItem","position":1,"name":"Strona g\u0142\u00f3wna","item":"https:\/\/barbarska.pl\/"},{"@type":"ListItem","position":2,"name":""}]}]}},"_links":{"self":[{"href":"https:\/\/barbarska.pl\/index.php\/wp-json\/wp\/v2\/pages\/597"}],"collection":[{"href":"https:\/\/barbarska.pl\/index.php\/wp-json\/wp\/v2\/pages"}],"about":[{"href":"https:\/\/barbarska.pl\/index.php\/wp-json\/wp\/v2\/types\/page"}],"author":[{"embeddable":true,"href":"https:\/\/barbarska.pl\/index.php\/wp-json\/wp\/v2\/users\/1"}],"replies":[{"embeddable":true,"href":"https:\/\/barbarska.pl\/index.php\/wp-json\/wp\/v2\/comments?post=597"}],"version-history":[{"count":9,"href":"https:\/\/barbarska.pl\/index.php\/wp-json\/wp\/v2\/pages\/597\/revisions"}],"predecessor-version":[{"id":745,"href":"https:\/\/barbarska.pl\/index.php\/wp-json\/wp\/v2\/pages\/597\/revisions\/745"}],"wp:attachment":[{"href":"https:\/\/barbarska.pl\/index.php\/wp-json\/wp\/v2\/media?parent=597"}],"curies":[{"name":"wp","href":"https:\/\/api.w.org\/{rel}","templated":true}]}}