{"id":590,"date":"2022-01-12T16:14:09","date_gmt":"2022-01-12T15:14:09","guid":{"rendered":"https:\/\/barbarska.pl\/?page_id=590"},"modified":"2022-12-05T11:03:38","modified_gmt":"2022-12-05T10:03:38","slug":"pobawmy-sie-jedzeniem-premiera-ebooka-18-stycznia","status":"publish","type":"page","link":"https:\/\/barbarska.pl\/index.php\/pobawmy-sie-jedzeniem-premiera-ebooka-18-stycznia\/","title":{"rendered":"KARTY PRACY"},"content":{"rendered":"\n<figure class=\"wp-block-image alignfull size-full\"><img loading=\"lazy\" width=\"1000\" height=\"300\" src=\"https:\/\/barbarska.pl\/wp-content\/uploads\/2022\/01\/strona-glowna.jpg\" alt=\"\" class=\"wp-image-601\" srcset=\"https:\/\/barbarska.pl\/wp-content\/uploads\/2022\/01\/strona-glowna.jpg 1000w, https:\/\/barbarska.pl\/wp-content\/uploads\/2022\/01\/strona-glowna-300x90.jpg 300w, https:\/\/barbarska.pl\/wp-content\/uploads\/2022\/01\/strona-glowna-768x230.jpg 768w, https:\/\/barbarska.pl\/wp-content\/uploads\/2022\/01\/strona-glowna-416x125.jpg 416w\" sizes=\"(max-width: 1000px) 100vw, 1000px\" \/><\/figure>\n\n\n\n<p><\/p>\n\n\n\n<h1><strong>POBAWMY SI\u0118 JEDZENIEM! <\/strong><\/h1>\n\n\n\n<div class=\"wp-block-group\"><div class=\"wp-block-group__inner-container\"><\/div><\/div>\n\n\n\n<div class=\"wp-block-media-text alignwide has-media-on-the-right is-stacked-on-mobile is-vertically-aligned-center\" style=\"grid-template-columns:auto 35%\"><figure class=\"wp-block-media-text__media\"><a href=\"https:\/\/rotulo.pl\/produkt\/pobawmy-sie-jedzeniem-karty-pracy-dla-dzieci-2\/\"><img loading=\"lazy\" width=\"309\" height=\"437\" src=\"https:\/\/barbarska.pl\/wp-content\/uploads\/2022\/01\/PobawmySie_okladka_OK_wiek1_309x437px.jpg\" alt=\"\" class=\"wp-image-579 size-full\" srcset=\"https:\/\/barbarska.pl\/wp-content\/uploads\/2022\/01\/PobawmySie_okladka_OK_wiek1_309x437px.jpg 309w, https:\/\/barbarska.pl\/wp-content\/uploads\/2022\/01\/PobawmySie_okladka_OK_wiek1_309x437px-212x300.jpg 212w\" sizes=\"(max-width: 309px) 100vw, 309px\" \/><\/a><\/figure><div class=\"wp-block-media-text__content\">\n<p class=\"has-medium-font-size\">Karty pracy &#8222;Pobawmy si\u0119 jedzeniem&#8221;, przeznaczone dla dzieci w wieku 7-10 lat, ucz\u0105, bawi\u0105 i zach\u0119caj\u0105 do si\u0119gania po urozmaicony asortyment zdrowych produkt\u00f3w. <\/p>\n\n\n\n<p class=\"has-medium-font-size\">Ka\u017cdy rozdzia\u0142 stanowi sp\u00f3jn\u0105 ca\u0142o\u015b\u0107, ale z kart mo\u017cna korzysta\u0107 w dowolny spos\u00f3b, wybieraj\u0105c pojedyncze. <\/p>\n\n\n\n<p class=\"has-medium-font-size\">Proponowane zadania to doskona\u0142y spos\u00f3b, aby zapewni\u0107 dziecku ciekawe zaj\u0119cie lub wsp\u00f3lnie sp\u0119dzi\u0107 czas, bo wiele z kart mo\u017ce by\u0107 inspiracj\u0105 do dyskusji. <\/p>\n\n\n\n<p class=\"has-medium-font-size\">Z okazji premiery ebooka, mamy specjaln\u0105 promocyjn\u0105 cen\u0119!<\/p>\n<\/div><\/div>\n\n\n\n<p><\/p>\n\n\n\n<div class=\"wp-block-media-text alignwide is-stacked-on-mobile\" style=\"grid-template-columns:35% auto\"><figure class=\"wp-block-media-text__media\"><img loading=\"lazy\" width=\"1024\" height=\"1024\" src=\"https:\/\/barbarska.pl\/wp-content\/uploads\/2022\/01\/post_foty1_-1-1024x1024.jpg\" alt=\"\" class=\"wp-image-618 size-full\" srcset=\"https:\/\/barbarska.pl\/wp-content\/uploads\/2022\/01\/post_foty1_-1-1024x1024.jpg 1024w, https:\/\/barbarska.pl\/wp-content\/uploads\/2022\/01\/post_foty1_-1-300x300.jpg 300w, https:\/\/barbarska.pl\/wp-content\/uploads\/2022\/01\/post_foty1_-1-150x150.jpg 150w, https:\/\/barbarska.pl\/wp-content\/uploads\/2022\/01\/post_foty1_-1-768x768.jpg 768w, https:\/\/barbarska.pl\/wp-content\/uploads\/2022\/01\/post_foty1_-1-416x416.jpg 416w, https:\/\/barbarska.pl\/wp-content\/uploads\/2022\/01\/post_foty1_-1-100x100.jpg 100w, https:\/\/barbarska.pl\/wp-content\/uploads\/2022\/01\/post_foty1_-1.jpg 1080w\" sizes=\"(max-width: 1024px) 100vw, 1024px\" \/><\/figure><div class=\"wp-block-media-text__content\">\n<p class=\"has-medium-font-size\">&#8222;Pobawmy si\u0119 jedzeniem&#8221; to efekt pracy wyj\u0105tkowego duetu &#8211; dietetyk Olga Barbarska i grafik Anna Szuma\u0144ska. Tre\u015bci opracowane przez specjalist\u0119 dietetyka i opatrzone doskona\u0142ymi ilustracjami Ani! <\/p>\n\n\n\n<p class=\"has-medium-font-size\">Przygotowa\u0142y\u015bmy 42 karty pracy, podzielone na 6 rozdzia\u0142\u00f3w: Warzywa i owoce, Bia\u0142ko, \u0179r\u00f3d\u0142a energii, Woda i napoje, Zdrowy talerz oraz Higiena. W\u015br\u00f3d gier, mi\u0119dzy innymi: krzy\u017c\u00f3wki, wykre\u015blanki, labirynty, kolorowanki, zakre\u015blanki, anagramy, tajne szyfry, rebusy i mapy my\u015bli.<\/p>\n\n\n\n<p><\/p>\n\n\n\n<p><\/p>\n<\/div><\/div>\n\n\n\n<div class=\"wp-block-media-text alignwide has-media-on-the-right is-stacked-on-mobile\" style=\"grid-template-columns:auto 36%\"><figure class=\"wp-block-media-text__media\"><img loading=\"lazy\" width=\"347\" height=\"197\" src=\"https:\/\/barbarska.pl\/wp-content\/uploads\/2022\/01\/foty_newsletter_szuman-1.png\" alt=\"\" class=\"wp-image-620 size-full\" srcset=\"https:\/\/barbarska.pl\/wp-content\/uploads\/2022\/01\/foty_newsletter_szuman-1.png 347w, https:\/\/barbarska.pl\/wp-content\/uploads\/2022\/01\/foty_newsletter_szuman-1-300x170.png 300w\" sizes=\"(max-width: 347px) 100vw, 347px\" \/><\/figure><div class=\"wp-block-media-text__content\">\n<p class=\"has-white-color has-text-color\">POBAWMY SI\u0118 JEDZENIEM<\/p>\n\n\n\n<p style=\"font-size:30px\">ANNA SZUMA\u0143SKA &#8211; GRAFIK<\/p>\n\n\n\n<p class=\"has-medium-font-size\">&#8222;Projekty edukacyjne to dla mnie jedna z&nbsp;najciekawszych dziedzin grafiki jak\u0105 mia\u0142am mo\u017cliwo\u015b\u0107 zajmowa\u0107 si\u0119 w&nbsp;ostatnich latach. Na swoim koncie uzbiera\u0142am przesz\u0142o dziesi\u0119\u0107 lat wsp\u00f3\u0142pracy ze szko\u0142ami podstawowymi i&nbsp;przedszkolami TE Vizja. Wsp\u00f3\u0142pracowa\u0142am r\u00f3wnie\u017c z&nbsp;plac\u00f3wkami szk\u00f3\u0142 Azymut i&nbsp;Promienie w&nbsp;Pruszkowie, oraz Przedszkolem Si\u00f3str Urszulanek w&nbsp;Pruszkowie. Wspomniane materia\u0142y mo\u017cna zobaczy\u0107 na mojej stronie internetowej&#8221;<\/p>\n<\/div><\/div>\n\n\n\n<div class=\"wp-block-media-text alignwide is-stacked-on-mobile\"><figure class=\"wp-block-media-text__media\"><\/figure><div class=\"wp-block-media-text__content\">\n<p class=\"has-text-align-right has-vivid-cyan-blue-color has-text-color\" style=\"font-size:30px\"><a href=\"http:\/\/www.szuman.internetdsl.pl\/\"> www.szuman.internetdsl.pl<\/a><\/p>\n<\/div><\/div>\n","protected":false},"excerpt":{"rendered":"<p>POBAWMY SI\u0118 JEDZENIEM! Karty pracy &#8222;Pobawmy si\u0119 jedzeniem&#8221;, przeznaczone dla dzieci w wieku 7-10 lat, ucz\u0105, bawi\u0105 i zach\u0119caj\u0105 do si\u0119gania po urozmaicony asortyment zdrowych produkt\u00f3w. Ka\u017cdy rozdzia\u0142 stanowi sp\u00f3jn\u0105 ca\u0142o\u015b\u0107, ale z kart mo\u017cna korzysta\u0107 w dowolny spos\u00f3b, wybieraj\u0105c pojedyncze. Proponowane zadania to doskona\u0142y spos\u00f3b, aby zapewni\u0107 dziecku ciekawe zaj\u0119cie lub wsp\u00f3lnie sp\u0119dzi\u0107 czas, [&hellip;]<\/p>\n","protected":false},"author":1,"featured_media":0,"parent":0,"menu_order":0,"comment_status":"closed","ping_status":"closed","template":"","meta":[],"yoast_head":"<!-- This site is optimized with the Yoast SEO plugin v19.4 - https:\/\/yoast.com\/wordpress\/plugins\/seo\/ -->\n<title>DIETETYK Dr Olga Barbarska<\/title>\n<meta name=\"description\" content=\"Karty pracy &quot;Pobawmy si\u0119 jedzeniem&quot;, przeznaczone dla dzieci w wieku 7-10 lat, ucz\u0105, bawi\u0105 i zach\u0119caj\u0105 do si\u0119gania po urozmaicony asortyment zdrowych produkt\u00f3w. Ka\u017cdy rozdzia\u0142 stanowi sp\u00f3jn\u0105 ca\u0142o\u015b\u0107, ale z kart mo\u017cna korzysta\u0107 w dowolny spos\u00f3b, wybieraj\u0105c pojedyncze. Proponowane zadania to doskona\u0142y spos\u00f3b, aby zapewni\u0107 dziecku ciekawe zaj\u0119cie lub wsp\u00f3lnie sp\u0119dzi\u0107 czas, bo wiele z kart mo\u017ce by\u0107 inspiracj\u0105 do dyskusji.\" \/>\n<meta name=\"robots\" content=\"index, follow, max-snippet:-1, max-image-preview:large, max-video-preview:-1\" \/>\n<link rel=\"canonical\" href=\"https:\/\/barbarska.pl\/index.php\/pobawmy-sie-jedzeniem-premiera-ebooka-18-stycznia\/\" \/>\n<meta property=\"og:locale\" content=\"pl_PL\" \/>\n<meta property=\"og:type\" content=\"article\" \/>\n<meta property=\"og:title\" content=\"DIETETYK Dr Olga Barbarska\" \/>\n<meta property=\"og:description\" content=\"Karty pracy &quot;Pobawmy si\u0119 jedzeniem&quot;, przeznaczone dla dzieci w wieku 7-10 lat, ucz\u0105, bawi\u0105 i zach\u0119caj\u0105 do si\u0119gania po urozmaicony asortyment zdrowych produkt\u00f3w. Ka\u017cdy rozdzia\u0142 stanowi sp\u00f3jn\u0105 ca\u0142o\u015b\u0107, ale z kart mo\u017cna korzysta\u0107 w dowolny spos\u00f3b, wybieraj\u0105c pojedyncze. Proponowane zadania to doskona\u0142y spos\u00f3b, aby zapewni\u0107 dziecku ciekawe zaj\u0119cie lub wsp\u00f3lnie sp\u0119dzi\u0107 czas, bo wiele z kart mo\u017ce by\u0107 inspiracj\u0105 do dyskusji.\" \/>\n<meta property=\"og:url\" content=\"https:\/\/barbarska.pl\/index.php\/pobawmy-sie-jedzeniem-premiera-ebooka-18-stycznia\/\" \/>\n<meta property=\"og:site_name\" content=\"DIETETYK Dr Olga Barbarska\" \/>\n<meta property=\"article:publisher\" content=\"https:\/\/www.facebook.com\/olgabarbarskadietetyk\" \/>\n<meta property=\"article:modified_time\" content=\"2022-12-05T10:03:38+00:00\" \/>\n<meta property=\"og:image\" content=\"https:\/\/barbarska.pl\/wp-content\/uploads\/2022\/01\/strona-glowna.jpg\" \/>\n<meta name=\"twitter:card\" content=\"summary_large_image\" \/>\n<meta name=\"twitter:label1\" content=\"Szacowany czas czytania\" \/>\n\t<meta name=\"twitter:data1\" content=\"2 minuty\" \/>\n<script type=\"application\/ld+json\" class=\"yoast-schema-graph\">{\"@context\":\"https:\/\/schema.org\",\"@graph\":[{\"@type\":\"WebSite\",\"@id\":\"https:\/\/barbarska.pl\/#website\",\"url\":\"https:\/\/barbarska.pl\/\",\"name\":\"DIETETYK Dr Olga Barbarska\",\"description\":\"Warsztaty, szkolenia i materia\u0142y edukacyjne\",\"potentialAction\":[{\"@type\":\"SearchAction\",\"target\":{\"@type\":\"EntryPoint\",\"urlTemplate\":\"https:\/\/barbarska.pl\/?s={search_term_string}\"},\"query-input\":\"required name=search_term_string\"}],\"inLanguage\":\"pl-PL\"},{\"@type\":\"WebPage\",\"@id\":\"https:\/\/barbarska.pl\/index.php\/pobawmy-sie-jedzeniem-premiera-ebooka-18-stycznia\/\",\"url\":\"https:\/\/barbarska.pl\/index.php\/pobawmy-sie-jedzeniem-premiera-ebooka-18-stycznia\/\",\"name\":\"DIETETYK Dr Olga Barbarska\",\"isPartOf\":{\"@id\":\"https:\/\/barbarska.pl\/#website\"},\"datePublished\":\"2022-01-12T15:14:09+00:00\",\"dateModified\":\"2022-12-05T10:03:38+00:00\",\"description\":\"Karty pracy \\\"Pobawmy si\u0119 jedzeniem\\\", przeznaczone dla dzieci w wieku 7-10 lat, ucz\u0105, bawi\u0105 i zach\u0119caj\u0105 do si\u0119gania po urozmaicony asortyment zdrowych produkt\u00f3w. Ka\u017cdy rozdzia\u0142 stanowi sp\u00f3jn\u0105 ca\u0142o\u015b\u0107, ale z kart mo\u017cna korzysta\u0107 w dowolny spos\u00f3b, wybieraj\u0105c pojedyncze. Proponowane zadania to doskona\u0142y spos\u00f3b, aby zapewni\u0107 dziecku ciekawe zaj\u0119cie lub wsp\u00f3lnie sp\u0119dzi\u0107 czas, bo wiele z kart mo\u017ce by\u0107 inspiracj\u0105 do dyskusji.\",\"breadcrumb\":{\"@id\":\"https:\/\/barbarska.pl\/index.php\/pobawmy-sie-jedzeniem-premiera-ebooka-18-stycznia\/#breadcrumb\"},\"inLanguage\":\"pl-PL\",\"potentialAction\":[{\"@type\":\"ReadAction\",\"target\":[\"https:\/\/barbarska.pl\/index.php\/pobawmy-sie-jedzeniem-premiera-ebooka-18-stycznia\/\"]}]},{\"@type\":\"BreadcrumbList\",\"@id\":\"https:\/\/barbarska.pl\/index.php\/pobawmy-sie-jedzeniem-premiera-ebooka-18-stycznia\/#breadcrumb\",\"itemListElement\":[{\"@type\":\"ListItem\",\"position\":1,\"name\":\"Strona g\u0142\u00f3wna\",\"item\":\"https:\/\/barbarska.pl\/\"},{\"@type\":\"ListItem\",\"position\":2,\"name\":\"KARTY PRACY\"}]}]}<\/script>\n<!-- \/ Yoast SEO plugin. -->","yoast_head_json":{"title":"DIETETYK Dr Olga Barbarska","description":"Karty pracy \"Pobawmy si\u0119 jedzeniem\", przeznaczone dla dzieci w wieku 7-10 lat, ucz\u0105, bawi\u0105 i zach\u0119caj\u0105 do si\u0119gania po urozmaicony asortyment zdrowych produkt\u00f3w. Ka\u017cdy rozdzia\u0142 stanowi sp\u00f3jn\u0105 ca\u0142o\u015b\u0107, ale z kart mo\u017cna korzysta\u0107 w dowolny spos\u00f3b, wybieraj\u0105c pojedyncze. Proponowane zadania to doskona\u0142y spos\u00f3b, aby zapewni\u0107 dziecku ciekawe zaj\u0119cie lub wsp\u00f3lnie sp\u0119dzi\u0107 czas, bo wiele z kart mo\u017ce by\u0107 inspiracj\u0105 do dyskusji.","robots":{"index":"index","follow":"follow","max-snippet":"max-snippet:-1","max-image-preview":"max-image-preview:large","max-video-preview":"max-video-preview:-1"},"canonical":"https:\/\/barbarska.pl\/index.php\/pobawmy-sie-jedzeniem-premiera-ebooka-18-stycznia\/","og_locale":"pl_PL","og_type":"article","og_title":"DIETETYK Dr Olga Barbarska","og_description":"Karty pracy \"Pobawmy si\u0119 jedzeniem\", przeznaczone dla dzieci w wieku 7-10 lat, ucz\u0105, bawi\u0105 i zach\u0119caj\u0105 do si\u0119gania po urozmaicony asortyment zdrowych produkt\u00f3w. Ka\u017cdy rozdzia\u0142 stanowi sp\u00f3jn\u0105 ca\u0142o\u015b\u0107, ale z kart mo\u017cna korzysta\u0107 w dowolny spos\u00f3b, wybieraj\u0105c pojedyncze. Proponowane zadania to doskona\u0142y spos\u00f3b, aby zapewni\u0107 dziecku ciekawe zaj\u0119cie lub wsp\u00f3lnie sp\u0119dzi\u0107 czas, bo wiele z kart mo\u017ce by\u0107 inspiracj\u0105 do dyskusji.","og_url":"https:\/\/barbarska.pl\/index.php\/pobawmy-sie-jedzeniem-premiera-ebooka-18-stycznia\/","og_site_name":"DIETETYK Dr Olga Barbarska","article_publisher":"https:\/\/www.facebook.com\/olgabarbarskadietetyk","article_modified_time":"2022-12-05T10:03:38+00:00","og_image":[{"url":"https:\/\/barbarska.pl\/wp-content\/uploads\/2022\/01\/strona-glowna.jpg"}],"twitter_card":"summary_large_image","twitter_misc":{"Szacowany czas czytania":"2 minuty"},"schema":{"@context":"https:\/\/schema.org","@graph":[{"@type":"WebSite","@id":"https:\/\/barbarska.pl\/#website","url":"https:\/\/barbarska.pl\/","name":"DIETETYK Dr Olga Barbarska","description":"Warsztaty, szkolenia i materia\u0142y edukacyjne","potentialAction":[{"@type":"SearchAction","target":{"@type":"EntryPoint","urlTemplate":"https:\/\/barbarska.pl\/?s={search_term_string}"},"query-input":"required name=search_term_string"}],"inLanguage":"pl-PL"},{"@type":"WebPage","@id":"https:\/\/barbarska.pl\/index.php\/pobawmy-sie-jedzeniem-premiera-ebooka-18-stycznia\/","url":"https:\/\/barbarska.pl\/index.php\/pobawmy-sie-jedzeniem-premiera-ebooka-18-stycznia\/","name":"DIETETYK Dr Olga Barbarska","isPartOf":{"@id":"https:\/\/barbarska.pl\/#website"},"datePublished":"2022-01-12T15:14:09+00:00","dateModified":"2022-12-05T10:03:38+00:00","description":"Karty pracy \"Pobawmy si\u0119 jedzeniem\", przeznaczone dla dzieci w wieku 7-10 lat, ucz\u0105, bawi\u0105 i zach\u0119caj\u0105 do si\u0119gania po urozmaicony asortyment zdrowych produkt\u00f3w. Ka\u017cdy rozdzia\u0142 stanowi sp\u00f3jn\u0105 ca\u0142o\u015b\u0107, ale z kart mo\u017cna korzysta\u0107 w dowolny spos\u00f3b, wybieraj\u0105c pojedyncze. Proponowane zadania to doskona\u0142y spos\u00f3b, aby zapewni\u0107 dziecku ciekawe zaj\u0119cie lub wsp\u00f3lnie sp\u0119dzi\u0107 czas, bo wiele z kart mo\u017ce by\u0107 inspiracj\u0105 do dyskusji.","breadcrumb":{"@id":"https:\/\/barbarska.pl\/index.php\/pobawmy-sie-jedzeniem-premiera-ebooka-18-stycznia\/#breadcrumb"},"inLanguage":"pl-PL","potentialAction":[{"@type":"ReadAction","target":["https:\/\/barbarska.pl\/index.php\/pobawmy-sie-jedzeniem-premiera-ebooka-18-stycznia\/"]}]},{"@type":"BreadcrumbList","@id":"https:\/\/barbarska.pl\/index.php\/pobawmy-sie-jedzeniem-premiera-ebooka-18-stycznia\/#breadcrumb","itemListElement":[{"@type":"ListItem","position":1,"name":"Strona g\u0142\u00f3wna","item":"https:\/\/barbarska.pl\/"},{"@type":"ListItem","position":2,"name":"KARTY PRACY"}]}]}},"_links":{"self":[{"href":"https:\/\/barbarska.pl\/index.php\/wp-json\/wp\/v2\/pages\/590"}],"collection":[{"href":"https:\/\/barbarska.pl\/index.php\/wp-json\/wp\/v2\/pages"}],"about":[{"href":"https:\/\/barbarska.pl\/index.php\/wp-json\/wp\/v2\/types\/page"}],"author":[{"embeddable":true,"href":"https:\/\/barbarska.pl\/index.php\/wp-json\/wp\/v2\/users\/1"}],"replies":[{"embeddable":true,"href":"https:\/\/barbarska.pl\/index.php\/wp-json\/wp\/v2\/comments?post=590"}],"version-history":[{"count":16,"href":"https:\/\/barbarska.pl\/index.php\/wp-json\/wp\/v2\/pages\/590\/revisions"}],"predecessor-version":[{"id":724,"href":"https:\/\/barbarska.pl\/index.php\/wp-json\/wp\/v2\/pages\/590\/revisions\/724"}],"wp:attachment":[{"href":"https:\/\/barbarska.pl\/index.php\/wp-json\/wp\/v2\/media?parent=590"}],"curies":[{"name":"wp","href":"https:\/\/api.w.org\/{rel}","templated":true}]}}