{"id":477,"date":"2021-10-04T14:01:52","date_gmt":"2021-10-04T12:01:52","guid":{"rendered":"https:\/\/barbarska.pl\/?page_id=477"},"modified":"2021-10-04T15:56:39","modified_gmt":"2021-10-04T13:56:39","slug":"polityka-prywatnosci","status":"publish","type":"page","link":"https:\/\/barbarska.pl\/index.php\/polityka-prywatnosci\/","title":{"rendered":"Polityka prywatno\u015bci"},"content":{"rendered":"\n<h3><strong>1.&nbsp;&nbsp;&nbsp; Definicje<\/strong><\/h3>\n\n\n\n<p>Administrator &#8211; Olga Barbarska uwidoczniona w Centralnej Ewidencji i Informacji o Dzia\u0142alno\u015bci Gospodarczej, prowadz\u0105ca dzia\u0142alno\u015b\u0107 gospodarcz\u0105 pod firm\u0105 Olga Barbarska z adresem g\u0142\u00f3wnego miejsca wykonywania dzia\u0142alno\u015bci ul. Promienna 10, 05-230 Koby\u0142ka, NIP:&nbsp;1251469580, REGON: 384123618.<\/p>\n\n\n\n<p>RODO \u2013 Rozporz\u0105dzenie Parlamentu Europejskiego i Rady (UE) 2016\/679 z dnia 27 kwietnia 2016 r. w sprawie ochrony os\u00f3b fizycznych w zwi\u0105zku z przetwarzaniem danych osobowych i w sprawie swobodnego przep\u0142ywu takich danych oraz uchylenia dyrektywy 95\/46\/WE.<\/p>\n\n\n\n<p>Serwis \u2013 serwis internetowy prowadzony przez Administratora pod adresem: https:\/\/barbarska.pl<\/p>\n\n\n\n<p>U\u017cytkownik \u2013 ka\u017cda osoba fizyczna odwiedzaj\u0105ca Serwis lub korzystaj\u0105ca z jednej albo kilku us\u0142ug czy funkcjonalno\u015bci opisanych w Polityce.<\/p>\n\n\n\n<h3><strong>2.<\/strong>&nbsp;&nbsp;&nbsp; <strong>Przetwarzanie danych<\/strong><\/h3>\n\n\n\n<p>W zwi\u0105zku z korzystaniem przez U\u017cytkownika z Serwisu Administrator zbiera dane<br>w zakresie niezb\u0119dnym do \u015bwiadczenia poszczeg\u00f3lnych us\u0142ug. Poni\u017cej zosta\u0142y opisane szczeg\u00f3\u0142owe zasady oraz cele przetwarzania danych osobowych gromadzonych podczas korzystania z Serwisu przez U\u017cytkownika.<\/p>\n\n\n\n<h3><strong>3.<\/strong>&nbsp;&nbsp;&nbsp; <strong>Cele i podstawy prawne przetwarzania danych<\/strong><\/h3>\n\n\n\n<p>Dane osobowe wszystkich U\u017cytkownik\u00f3w korzystaj\u0105cych z Serwisu (w tym adres IP lub inne identyfikatory oraz informacje gromadzone za po\u015brednictwem plik\u00f3w cookies), przetwarzane s\u0105 przez Administratora w celu:<\/p>\n\n\n\n<ul type=\"a\"><li>dokonania wyceny us\u0142ugi i wykonania us\u0142ugi czy umowy\u2014 na podstawie art. 6 ust. 1 lit. b RODO (niezb\u0119dno\u015b\u0107 do zawarcia i\/lub wykonania umowy);<\/li><li>wystawienia faktury i spe\u0142nienia innych obowi\u0105zk\u00f3w wynikaj\u0105cych z przepis\u00f3w prawa podatkowego \u2014 na podstawie art. 6 ust. 1 lit. c RODO (obowi\u0105zek wynikaj\u0105cy z przepis\u00f3w prawa);<\/li><li>udzielenia rabatu lub kodu promocyjnego \u2014 na podstawie art. 6 ust. 1 lit. a) RODO (zgoda);<\/li><li>rozpatrzenia reklamacji czy roszcze\u0144 \u2014 na podstawie art. 6 ust. 1 lit. b RODO (niezb\u0119dno\u015b\u0107 do zawarcia i\/lub wykonania umowy);<\/li><li>ustalenia, dochodzenia lub obrony przed roszczeniami \u2014 na podstawie art. 6 ust. 1 lit. f) RODO (prawnie uzasadniony interes administratora);<\/li><li>kontaktu telefonicznego w sprawach zwi\u0105zanych z realizacj\u0105 us\u0142ugi \u2014 na podstawie art. 6 ust. 1 lit. a RODO (zgoda);<\/li><li>kontaktu w spos\u00f3b wybrany przez U\u017cytkownika w ramach wys\u0142anej wiadomo\u015bci poprzez formularz kontaktowy \u2014 na podstawie art. 6 ust. 1 lit. a RODO (zgoda);<\/li><li>przechowywania nieop\u0142aconych zam\u00f3wie\u0144 \u2014 na podstawie art. 6 ust. 1 lit. f) RODO (prawnie uzasadniony interes administratora);<\/li><li>tworzenia rejestr\u00f3w i ewidencji zwi\u0105zanych z RODO \u2014 na podstawie art. 6 ust. 1 lit. c) RODO (obowi\u0105zek wynikaj\u0105cy z przepis\u00f3w prawa) oraz art. 6 ust. 1 lit. f RODO (prawnie uzasadniony interes administratora);<\/li><li>archiwalnym i dowodowym, na potrzeby zabezpieczenia informacji, kt\u00f3re mog\u0105 s\u0142u\u017cy\u0107 wykazywaniu fakt\u00f3w \u2014 na podstawie art. 6 ust. 1 lit. f) RODO (prawnie uzasadniony interes administratora);<\/li><li>analitycznym, polegaj\u0105cym mi\u0119dzy innymi na analizie danych zbieranych automatycznie przy korzystaniu ze strony internetowej, w tym cookies \u2014 na podstawie art. 6 ust. 1 lit. f) RODO (prawnie uzasadniony interes administratora);<\/li><li>wykorzystywania cookies na Stronach Administratora \u2014 na podstawie art. 6 ust. 1 lit. a) RODO (zgoda);<\/li><li>zarz\u0105dzanie stron\u0105 internetow\u0105 \u2014 na podstawie art. 6 ust. 1 lit. f) RODO (prawnie uzasadniony interes administratora);<\/li><li>zamieszczenia przez U\u017cytkownika opinii o us\u0142ugach \u015bwiadczonych przez Administratora\u2014 na podstawie art. 6 ust. 1 lit. a) RODO (zgoda),<\/li><\/ul>\n\n\n\n<p>Aktywno\u015b\u0107 U\u017cytkownika w Serwisie, w tym jego dane osobowe, s\u0105 rejestrowane w logach systemowych (specjalnym programie komputerowym s\u0142u\u017c\u0105cym do przechowywania chronologicznego zapisu zawieraj\u0105cego informacj\u0119 o zdarzeniach i dzia\u0142aniach dotycz\u0105cych systemu informatycznego s\u0142u\u017c\u0105cego do \u015bwiadczenia us\u0142ug przez Administratora). Zebrane w logach informacje przetwarzane s\u0105 przede wszystkim w celach zwi\u0105zanych ze \u015bwiadczeniem us\u0142ug. Administrator przetwarza je r\u00f3wnie\u017c w celach technicznych, administracyjnych, na potrzeby zapewnienia bezpiecze\u0144stwa systemu informatycznego oraz zarz\u0105dzania tym systemem, a tak\u017ce w celach analitycznych i statystycznych \u2013 w tym zakresie podstaw\u0105 prawn\u0105 przetwarzania jest prawnie uzasadniony interes Administratora (art. 6 ust. 1 lit. f RODO).<\/p>\n\n\n\n<h3><strong>4.<\/strong>&nbsp;&nbsp;&nbsp; <strong>Newsletter<\/strong><\/h3>\n\n\n\n<p>Administrator przetwarza dane osobowe U\u017cytkownik\u00f3w w celu realizowania dzia\u0142a\u0144 marketingowych, kt\u00f3re mog\u0105 polega\u0107 na przesy\u0142aniu U\u017cytkownikowi tre\u015bci marketingowych odpowiadaj\u0105cych jego zainteresowaniom (newsletter);<\/p>\n\n\n\n<p>W tym celu po uprzedniej zgodzie wyra\u017conej przez u\u017cytkownika dane osobowe U\u017cytkownika podane w Serwisie takie jak imi\u0119 oraz adres e-mail zostan\u0105 przekazane do partnera Administratora w celu przes\u0142ania wiadomo\u015bci mailowej zawieraj\u0105cej tre\u015bci interesuj\u0105ce U\u017cytkownika.<\/p>\n\n\n\n<p>Administrator nie podejmuje decyzji automatycznych w stosunku do U\u017cytkownika oraz dane osobowe U\u017cytkownika nie podlegaj\u0105 profilowaniu.<\/p>\n\n\n\n<h3><strong>5.<\/strong>&nbsp;&nbsp;&nbsp; <strong>Pliki cookies<\/strong><\/h3>\n\n\n\n<p>Serwis Administratora u\u017cywa plik\u00f3w \u201ecookies\u201d. Brak zmiany ustawie\u0144 przegl\u0105darki po stronie Czytelnika jest r\u00f3wnoznaczny z wyra\u017ceniem zgody na ich u\u017cycie. S\u0105 to kr\u00f3tkie informacje tekstowe, zapisywane na komputerze, telefonie, tablecie, czy te\u017c innym urz\u0105dzeniu u\u017cytkownika. Mog\u0105 by\u0107 one odczytywane przez Administratora, a tak\u017ce przez systemy nale\u017c\u0105ce do innych podmiot\u00f3w, z kt\u00f3rych us\u0142ug korzysta (takich jak Google). Cookies zazwyczaj zawieraj\u0105 nazw\u0119 strony internetowej, z kt\u00f3rej pochodz\u0105, czas przechowywania ich na urz\u0105dzeniu ko\u0144cowym oraz unikalny numer. Wi\u0119cej informacji na temat plik\u00f3w cookies mo\u017cna uzyska\u0107 na stronie <a href=\"http:\/\/www.allaboutcookies.org\/\">www.allaboutcookies.org<\/a>.<\/p>\n\n\n\n<p>Pliki cookies stosowane w serwisie nie przechowuj\u0105 danych osobowych ani innych informacji zebranych od Czytelnika. Serwis wykorzystuje cookie do zidentyfikowania sesji przegl\u0105darki, co umo\u017cliwia korzystanie z funkcji serwisu. Korzystanie z technik \u201ecookies\u201d nie pozwala na pobieranie jakichkolwiek danych osobowych i adresowych Czytelnika ani \u017cadnych informacji poufnych z jego komputera.<\/p>\n\n\n\n<p>Cookies stosowane s\u0105 do nast\u0119puj\u0105cych cel\u00f3w: zachowanie bezpiecze\u0144stwa us\u0142ug i zapobiegania oszustwom, u\u0142atwienia wydajno\u015bci strony, rejestracja wizyt do cel\u00f3w marketingowych i statystycznych, korzystanie z funkcji spo\u0142eczno\u015bciowych, wspieranie personalizacji stron internetowych (np. zapisywania ustawie\u0144 j\u0119zyka). Pliki cookies mog\u0105 by\u0107 r\u00f3wnie\u017c wykorzystywane i zamieszczane przez wsp\u00f3\u0142pracuj\u0105cych z Administratorem partner\u00f3w \u2013 podlegaj\u0105 w\u00f3wczas politykom cookie lub politykom prywatno\u015bci zamieszczaj\u0105cych je podmiot\u00f3w.<\/p>\n\n\n\n<p>Administrator zastrzega sobie mo\u017cliwo\u015b\u0107 korzystania w celu marketingu z narz\u0119dzia Google Tag Manager. Wi\u0105\u017ce si\u0119 to z wykorzystywaniem cookies firmy Google, na przyk\u0142ad kod\u00f3w Google Ads.<\/p>\n\n\n\n<p>Zakres oraz cel gromadzenia danych, oraz droga kontaktu i realizacji praw czy dokonania ustawie\u0144 zapewniaj\u0105cych ochron\u0119 prywatno\u015bci zosta\u0142y opisane w polityce prywatno\u015bci poszczeg\u00f3lnych us\u0142ugodawc\u00f3w<strong>.<\/strong><\/p>\n\n\n\n<p>Zwyczajowo przegl\u0105darka internetowa domy\u015blnie dopuszcza wykorzystywanie cookiesw urz\u0105dzeniu. Administrator informuje, \u017ce mo\u017cna zmieni\u0107 ustawienia w przegl\u0105darce internetowej \u2014 ca\u0142kowicie blokowa\u0107 automatyczn\u0105 obs\u0142ug\u0119 plik\u00f3w cookies lub \u017c\u0105da\u0107 powiadomienia o ka\u017cdorazowym zamieszczeniu cookies w urz\u0105dzeniu.<\/p>\n\n\n\n<p>W przypadku stosowania Google Chrome, instrukcja znajduje si\u0119 tutaj \u2013 <a href=\"https:\/\/support.google.com\/chrome\/answer\/95647?hl=en\">https:\/\/support.google.com\/chrome\/answer\/95647?hl=en<\/a><\/p>\n\n\n\n<p>W przypadku stosowania Mozilla Firefox, instrukcja znajduje si\u0119 tutaj \u2013 <a href=\"https:\/\/support.mozilla.org\/en-US\/kb\/cookies-information-websites-store-on-your-computer\">https:\/\/support.mozilla.org\/en-US\/kb\/cookies-information-websites-store-on-your-computer<\/a><\/p>\n\n\n\n<p>W przypadku stosowania Safari, instrukcja znajduje si\u0119 tutaj \u2013 <a href=\"https:\/\/support.apple.com\/kb\/ph21411?locale=pl_PL\">https:\/\/support.apple.com\/kb\/ph21411?locale=pl_PL<\/a><\/p>\n\n\n\n<p>W przypadku stosowania Microsoft Edge, instrukcja znajduje si\u0119 tutaj \u2013 <a href=\"https:\/\/docs.microsoft.com\/en-us\/microsoft-edge\/devtools-guide\/debugger\/cookies\">https:\/\/docs.microsoft.com\/en-us\/microsoft-edge\/devtools-guide\/debugger\/cookies<\/a><\/p>\n\n\n\n<p>W przypadku stosowania Internet Explorer, Administrator sugeruje zmian\u0119 narz\u0119dzia na kt\u00f3re\u015b z powy\u017cszych, a ponadto instrukcja znajduje si\u0119 tutaj \u2013 <a href=\"https:\/\/support.microsoft.com\/en-us\/help\/17442\/windows-internet-explorer-delete-manage-cookies\">https:\/\/support.microsoft.com\/en-us\/help\/17442\/windows-internet-explorer-delete-manage-cookie<\/a>s<\/p>\n\n\n\n<p>Administrator czuje si\u0119 w obowi\u0105zku uprzedzi\u0107, \u017ce wy\u0142\u0105czenie lub ograniczenie obs\u0142ugi plik\u00f3w cookies mo\u017ce spowodowa\u0107 trudno\u015bci w korzystaniu ze strony internetowej i ograniczenie jej funkcjonalno\u015bci.<\/p>\n\n\n\n<h3><strong>6.<\/strong>&nbsp;&nbsp;&nbsp; <strong>Przetwarzanie danych U\u017cytkownika<\/strong><\/h3>\n\n\n\n<p>W ramach Serwisu, dane U\u017cytkownika s\u0105 przetwarzane przez podmioty wsp\u00f3\u0142pracuj\u0105ce z Administratorem, kt\u00f3re zgodnie z Rozporz\u0105dzeniem Parlamentu Europejskiego i Rady (UE) 2016\/679 z dnia 27 kwietnia 2016 r. w sprawie ochrony os\u00f3b fizycznych w zwi\u0105zku z przetwarzaniem danych osobowych i w sprawie swobodnego przep\u0142ywu takich danych oraz uchylenia dyrektywy 95\/46\/WE zobowi\u0105zane s\u0105 do przestrzegania analogicznych do zawartych w Polityce wysokich standard\u00f3w prywatno\u015bci.<\/p>\n\n\n\n<p>Dla MailerLite Limited. &#8211; Zbierane dane uniemo\u017cliwiaj\u0105 identyfikacj\u0119 konkretnej osoby, a wi\u0119cej informacji o standardach prywatno\u015bci narz\u0119dzia dost\u0119pne jest pod linkiem https:\/\/www.mailerlite.com\/legal\/privacy-policy<\/p>\n\n\n\n<p>W zwi\u0105zku z tym, \u017ce niekt\u00f3re podmioty wsp\u00f3\u0142pracuj\u0105ce z Administratorem maj\u0105 siedziby poza Uni\u0105 Europejsk\u0105, a zatem w \u015bwietle przepis\u00f3w RODO s\u0105 traktowane jako tzw. pa\u0144stwa trzecie, administrator zapewnia, \u017ce podmioty zobowi\u0105za\u0142y si\u0119 do zapewnienia odpowiedniej ochrony danych osobowych.<\/p>\n\n\n\n<p>Dla Google Inc. &#8211; Zbierane dane uniemo\u017cliwiaj\u0105 identyfikacj\u0119 konkretnej osoby, a wi\u0119cej informacji o standardach prywatno\u015bci narz\u0119dzia dost\u0119pne jest pod linkiem <a href=\"http:\/\/www.google.com\/intl\/pl\/policies\/privacy\/partners\/\">www.google.com\/intl\/pl\/policies\/privacy\/partners\/<\/a>. Ponadto korzystaj\u0105c z poni\u017cszego linku: <a href=\"https:\/\/tools.google.com\/dlpage\/gaoptout\">https:\/\/tools.google.com\/dlpage\/gaoptout<\/a> istnieje mo\u017cliwo\u015b\u0107 wy\u0142\u0105czenia aktywno\u015bci mierzonej przez Google Analytics .<\/p>\n\n\n\n<p>Dla Facebook Inc. \u2013Zbierane dane co do zasady uniemo\u017cliwiaj\u0105 identyfikacj\u0119 konkretnej osoby, a wi\u0119cej informacji o standardach prywatno\u015bci narz\u0119dzia dost\u0119pne jest pod linkiem <a href=\"https:\/\/developers.facebook.com\/docs\/privacy\/\">https:\/\/developers.facebook.com\/docs\/privacy\/<\/a><\/p>\n\n\n\n<p>Tym samym powy\u017csze firmy gwarantuj\u0105 przestrzeganie standard\u00f3w w zakresie ochrony danych osobowych, a korzystanie przez Administratora z ich technologii przy przetwarzaniu danych osobowych jest zgodne z prawem.<\/p>\n\n\n\n<h3><strong>7.<\/strong>&nbsp;&nbsp;&nbsp; <strong>Okres przetwarzania danych osobowych<\/strong><\/h3>\n\n\n\n<p>Okres przetwarzania danych przez Administratora zale\u017cy od rodzaju \u015bwiadczonej us\u0142ugi i celu przetwarzania. Co do zasady dane przetwarzane s\u0105 przez czas \u015bwiadczenia us\u0142ugi lub realizowania zam\u00f3wienia, do czasu wycofania wyra\u017conej zgody lub zg\u0142oszenia skutecznego sprzeciwu wzgl\u0119dem przetwarzania danych w przypadkach, gdy podstaw\u0105 prawn\u0105 przetwarzania danych jest uzasadniony interes Administratora.<\/p>\n\n\n\n<p>Okres przetwarzania danych mo\u017ce by\u0107 przed\u0142u\u017cony w przypadku, gdy przetwarzanie jest niezb\u0119dne do ustalenia i dochodzenia ewentualnych roszcze\u0144 lub obrony przed nimi, a po tym czasie jedynie w przypadku i w zakresie, w jakim b\u0119d\u0105 wymaga\u0107 tego przepisy prawa. Po up\u0142ywie okresu przetwarzania dane s\u0105 nieodwracalnie usuwane lub anonimizowane.<\/p>\n\n\n\n<h3><strong>8.<\/strong>&nbsp;&nbsp;&nbsp; <strong>Uprawnienia u\u017cytkownika<\/strong><\/h3>\n\n\n\n<p>U\u017cytkownikowi przys\u0142uguje prawo:<\/p>\n\n\n\n<ul><li> dost\u0119pu do tre\u015bci danych oraz \u017c\u0105dania ich sprostowania,<\/li><li>usuni\u0119cia danych,<\/li><li>ograniczenia przetwarzania,<\/li><li>prawo do przenoszenia danych,<\/li><li>prawo wniesienia sprzeciwu wzgl\u0119dem przetwarzania danych,<\/li><li>prawo wniesienia skargi do organu nadzorczego- Prezesa Urz\u0119du Ochrony Danych Osobowych ul. Stawki 2, 00-193 Warszawa<\/li><\/ul>\n\n\n\n<p>W zakresie, w jakim dane U\u017cytkownika przetwarzane s\u0105 na podstawie zgody, mo\u017cna j\u0105 wycofa\u0107 w dowolnym momencie, kontaktuj\u0105c si\u0119 z Administratorem.<\/p>\n\n\n\n<p>U\u017cytkownik ma prawo zg\u0142oszenia sprzeciwu wzgl\u0119dem przetwarzania danych dla cel\u00f3w marketingowych, je\u015bli przetwarzanie odbywa si\u0119 w zwi\u0105zku z uzasadnionym interesem Administratora, a tak\u017ce \u2013 z przyczyn zwi\u0105zanych ze szczeg\u00f3ln\u0105 sytuacj\u0105 U\u017cytkownika \u2013w innych przypadkach, gdy postaw\u0105 prawn\u0105 przetwarzania danych jest uzasadniony interes Administratora (np. w zwi\u0105zku z realizacj\u0105 cel\u00f3w analitycznych i statystycznych).<\/p>\n\n\n\n<h3><strong>9.<\/strong>&nbsp;&nbsp;&nbsp; <strong>Odbiorcy danych<\/strong><\/h3>\n\n\n\n<p>W zwi\u0105zku z realizacj\u0105 us\u0142ug dane osobowe b\u0119d\u0105 ujawniane zewn\u0119trznym podmiotom, w tym w szczeg\u00f3lno\u015bci dostawcom odpowiedzialnym za obs\u0142ug\u0119 system\u00f3w informatycznych, agencje marketingowe (w zakresie us\u0142ug marketingowych) oraz podmiotom powi\u0105zanym z Administratorem.<\/p>\n\n\n\n<p>W przypadku uzyskania zgody U\u017cytkownika jego dane mog\u0105 zosta\u0107 tak\u017ce udost\u0119pnione innym podmiotom do ich w\u0142asnych cel\u00f3w, w tym cel\u00f3w marketingowych.<\/p>\n\n\n\n<p>Administrator zastrzega sobie prawo ujawnienia wybranych informacji dotycz\u0105cych U\u017cytkownika w\u0142a\u015bciwym organom b\u0105d\u017a osobom trzecim, kt\u00f3re zg\u0142osz\u0105 \u017c\u0105danie udzielenia takich informacji, opieraj\u0105c si\u0119 na odpowiedniej podstawie prawnej oraz zgodnie z przepisami obowi\u0105zuj\u0105cego prawa.<\/p>\n\n\n\n<h3><strong>10.<\/strong> <strong>Kontakt<\/strong><\/h3>\n\n\n\n<p>Kontakt z Administratorem jest mo\u017cliwy pod adresem e-mail olga@barbarska.pl<\/p>\n\n\n\n<h3><strong>11.<\/strong> <strong>Zmiany Polityki Prywatno\u015bci<\/strong><\/h3>\n\n\n\n<p>Polityka jest na bie\u017c\u0105co weryfikowana i w razie potrzeby aktualizowana. Aktualna wersja Polityki zosta\u0142a przyj\u0119ta i obowi\u0105zuje od 04.10.2021<\/p>\n","protected":false},"excerpt":{"rendered":"<p>1.&nbsp;&nbsp;&nbsp; Definicje Administrator &#8211; Olga Barbarska uwidoczniona w Centralnej Ewidencji i Informacji o Dzia\u0142alno\u015bci Gospodarczej, prowadz\u0105ca dzia\u0142alno\u015b\u0107 gospodarcz\u0105 pod firm\u0105 Olga Barbarska z adresem g\u0142\u00f3wnego miejsca wykonywania dzia\u0142alno\u015bci ul. Promienna 10, 05-230 Koby\u0142ka, NIP:&nbsp;1251469580, REGON: 384123618. RODO \u2013 Rozporz\u0105dzenie Parlamentu Europejskiego i Rady (UE) 2016\/679 z dnia 27 kwietnia 2016 r. w sprawie ochrony os\u00f3b [&hellip;]<\/p>\n","protected":false},"author":1,"featured_media":0,"parent":0,"menu_order":0,"comment_status":"closed","ping_status":"closed","template":"","meta":[],"yoast_head":"<!-- This site is optimized with the Yoast SEO plugin v19.4 - https:\/\/yoast.com\/wordpress\/plugins\/seo\/ -->\n<title>Polityka prywatno\u015bci - DIETETYK Dr Olga Barbarska<\/title>\n<meta name=\"robots\" content=\"index, follow, max-snippet:-1, max-image-preview:large, max-video-preview:-1\" \/>\n<link rel=\"canonical\" href=\"https:\/\/barbarska.pl\/index.php\/polityka-prywatnosci\/\" \/>\n<meta property=\"og:locale\" content=\"pl_PL\" \/>\n<meta property=\"og:type\" content=\"article\" \/>\n<meta property=\"og:title\" content=\"Polityka prywatno\u015bci - DIETETYK Dr Olga Barbarska\" \/>\n<meta property=\"og:description\" content=\"1.&nbsp;&nbsp;&nbsp; Definicje Administrator &#8211; Olga Barbarska uwidoczniona w Centralnej Ewidencji i Informacji o Dzia\u0142alno\u015bci Gospodarczej, prowadz\u0105ca dzia\u0142alno\u015b\u0107 gospodarcz\u0105 pod firm\u0105 Olga Barbarska z adresem g\u0142\u00f3wnego miejsca wykonywania dzia\u0142alno\u015bci ul. Promienna 10, 05-230 Koby\u0142ka, NIP:&nbsp;1251469580, REGON: 384123618. RODO \u2013 Rozporz\u0105dzenie Parlamentu Europejskiego i Rady (UE) 2016\/679 z dnia 27 kwietnia 2016 r. w sprawie ochrony os\u00f3b [&hellip;]\" \/>\n<meta property=\"og:url\" content=\"https:\/\/barbarska.pl\/index.php\/polityka-prywatnosci\/\" \/>\n<meta property=\"og:site_name\" content=\"DIETETYK Dr Olga Barbarska\" \/>\n<meta property=\"article:publisher\" content=\"https:\/\/www.facebook.com\/olgabarbarskadietetyk\" \/>\n<meta property=\"article:modified_time\" content=\"2021-10-04T13:56:39+00:00\" \/>\n<meta name=\"twitter:card\" content=\"summary_large_image\" \/>\n<meta name=\"twitter:label1\" content=\"Szacowany czas czytania\" \/>\n\t<meta name=\"twitter:data1\" content=\"7 minut\" \/>\n<script type=\"application\/ld+json\" class=\"yoast-schema-graph\">{\"@context\":\"https:\/\/schema.org\",\"@graph\":[{\"@type\":\"WebSite\",\"@id\":\"https:\/\/barbarska.pl\/#website\",\"url\":\"https:\/\/barbarska.pl\/\",\"name\":\"DIETETYK Dr Olga Barbarska\",\"description\":\"Warsztaty, szkolenia i materia\u0142y edukacyjne\",\"potentialAction\":[{\"@type\":\"SearchAction\",\"target\":{\"@type\":\"EntryPoint\",\"urlTemplate\":\"https:\/\/barbarska.pl\/?s={search_term_string}\"},\"query-input\":\"required name=search_term_string\"}],\"inLanguage\":\"pl-PL\"},{\"@type\":\"WebPage\",\"@id\":\"https:\/\/barbarska.pl\/index.php\/polityka-prywatnosci\/\",\"url\":\"https:\/\/barbarska.pl\/index.php\/polityka-prywatnosci\/\",\"name\":\"Polityka prywatno\u015bci - DIETETYK Dr Olga Barbarska\",\"isPartOf\":{\"@id\":\"https:\/\/barbarska.pl\/#website\"},\"datePublished\":\"2021-10-04T12:01:52+00:00\",\"dateModified\":\"2021-10-04T13:56:39+00:00\",\"breadcrumb\":{\"@id\":\"https:\/\/barbarska.pl\/index.php\/polityka-prywatnosci\/#breadcrumb\"},\"inLanguage\":\"pl-PL\",\"potentialAction\":[{\"@type\":\"ReadAction\",\"target\":[\"https:\/\/barbarska.pl\/index.php\/polityka-prywatnosci\/\"]}]},{\"@type\":\"BreadcrumbList\",\"@id\":\"https:\/\/barbarska.pl\/index.php\/polityka-prywatnosci\/#breadcrumb\",\"itemListElement\":[{\"@type\":\"ListItem\",\"position\":1,\"name\":\"Strona g\u0142\u00f3wna\",\"item\":\"https:\/\/barbarska.pl\/\"},{\"@type\":\"ListItem\",\"position\":2,\"name\":\"Polityka prywatno\u015bci\"}]}]}<\/script>\n<!-- \/ Yoast SEO plugin. -->","yoast_head_json":{"title":"Polityka prywatno\u015bci - DIETETYK Dr Olga Barbarska","robots":{"index":"index","follow":"follow","max-snippet":"max-snippet:-1","max-image-preview":"max-image-preview:large","max-video-preview":"max-video-preview:-1"},"canonical":"https:\/\/barbarska.pl\/index.php\/polityka-prywatnosci\/","og_locale":"pl_PL","og_type":"article","og_title":"Polityka prywatno\u015bci - DIETETYK Dr Olga Barbarska","og_description":"1.&nbsp;&nbsp;&nbsp; Definicje Administrator &#8211; Olga Barbarska uwidoczniona w Centralnej Ewidencji i Informacji o Dzia\u0142alno\u015bci Gospodarczej, prowadz\u0105ca dzia\u0142alno\u015b\u0107 gospodarcz\u0105 pod firm\u0105 Olga Barbarska z adresem g\u0142\u00f3wnego miejsca wykonywania dzia\u0142alno\u015bci ul. Promienna 10, 05-230 Koby\u0142ka, NIP:&nbsp;1251469580, REGON: 384123618. RODO \u2013 Rozporz\u0105dzenie Parlamentu Europejskiego i Rady (UE) 2016\/679 z dnia 27 kwietnia 2016 r. w sprawie ochrony os\u00f3b [&hellip;]","og_url":"https:\/\/barbarska.pl\/index.php\/polityka-prywatnosci\/","og_site_name":"DIETETYK Dr Olga Barbarska","article_publisher":"https:\/\/www.facebook.com\/olgabarbarskadietetyk","article_modified_time":"2021-10-04T13:56:39+00:00","twitter_card":"summary_large_image","twitter_misc":{"Szacowany czas czytania":"7 minut"},"schema":{"@context":"https:\/\/schema.org","@graph":[{"@type":"WebSite","@id":"https:\/\/barbarska.pl\/#website","url":"https:\/\/barbarska.pl\/","name":"DIETETYK Dr Olga Barbarska","description":"Warsztaty, szkolenia i materia\u0142y edukacyjne","potentialAction":[{"@type":"SearchAction","target":{"@type":"EntryPoint","urlTemplate":"https:\/\/barbarska.pl\/?s={search_term_string}"},"query-input":"required name=search_term_string"}],"inLanguage":"pl-PL"},{"@type":"WebPage","@id":"https:\/\/barbarska.pl\/index.php\/polityka-prywatnosci\/","url":"https:\/\/barbarska.pl\/index.php\/polityka-prywatnosci\/","name":"Polityka prywatno\u015bci - DIETETYK Dr Olga Barbarska","isPartOf":{"@id":"https:\/\/barbarska.pl\/#website"},"datePublished":"2021-10-04T12:01:52+00:00","dateModified":"2021-10-04T13:56:39+00:00","breadcrumb":{"@id":"https:\/\/barbarska.pl\/index.php\/polityka-prywatnosci\/#breadcrumb"},"inLanguage":"pl-PL","potentialAction":[{"@type":"ReadAction","target":["https:\/\/barbarska.pl\/index.php\/polityka-prywatnosci\/"]}]},{"@type":"BreadcrumbList","@id":"https:\/\/barbarska.pl\/index.php\/polityka-prywatnosci\/#breadcrumb","itemListElement":[{"@type":"ListItem","position":1,"name":"Strona g\u0142\u00f3wna","item":"https:\/\/barbarska.pl\/"},{"@type":"ListItem","position":2,"name":"Polityka prywatno\u015bci"}]}]}},"_links":{"self":[{"href":"https:\/\/barbarska.pl\/index.php\/wp-json\/wp\/v2\/pages\/477"}],"collection":[{"href":"https:\/\/barbarska.pl\/index.php\/wp-json\/wp\/v2\/pages"}],"about":[{"href":"https:\/\/barbarska.pl\/index.php\/wp-json\/wp\/v2\/types\/page"}],"author":[{"embeddable":true,"href":"https:\/\/barbarska.pl\/index.php\/wp-json\/wp\/v2\/users\/1"}],"replies":[{"embeddable":true,"href":"https:\/\/barbarska.pl\/index.php\/wp-json\/wp\/v2\/comments?post=477"}],"version-history":[{"count":4,"href":"https:\/\/barbarska.pl\/index.php\/wp-json\/wp\/v2\/pages\/477\/revisions"}],"predecessor-version":[{"id":487,"href":"https:\/\/barbarska.pl\/index.php\/wp-json\/wp\/v2\/pages\/477\/revisions\/487"}],"wp:attachment":[{"href":"https:\/\/barbarska.pl\/index.php\/wp-json\/wp\/v2\/media?parent=477"}],"curies":[{"name":"wp","href":"https:\/\/api.w.org\/{rel}","templated":true}]}}